{"id":129,"date":"2021-11-11T13:46:58","date_gmt":"2021-11-11T12:46:58","guid":{"rendered":"https:\/\/fewo-ngd.de\/?page_id=129"},"modified":"2026-03-07T11:13:19","modified_gmt":"2026-03-07T10:13:19","slug":"bookingpage","status":"publish","type":"page","link":"https:\/\/fewo-ngd.de\/?page_id=129","title":{"rendered":"Bookingpage"},"content":{"rendered":"\t\t<div data-elementor-type=\"wp-page\" data-elementor-id=\"129\" class=\"elementor elementor-129\">\n\t\t\t\t\t\t<section class=\"elementor-section elementor-top-section elementor-element elementor-element-52ea70c6 elementor-section-content-middle elementor-section-boxed elementor-section-height-default elementor-section-height-default\" data-id=\"52ea70c6\" data-element_type=\"section\" data-e-type=\"section\" data-settings=\"{&quot;background_background&quot;:&quot;classic&quot;}\">\n\t\t\t\t\t\t<div class=\"elementor-container elementor-column-gap-default\">\n\t\t\t\t\t<div class=\"elementor-column elementor-col-50 elementor-top-column elementor-element elementor-element-7672e232\" data-id=\"7672e232\" data-element_type=\"column\" data-e-type=\"column\">\n\t\t\t<div class=\"elementor-widget-wrap elementor-element-populated\">\n\t\t\t\t\t\t<div class=\"elementor-element elementor-element-68d2f459 elementor-widget elementor-widget-heading\" data-id=\"68d2f459\" data-element_type=\"widget\" data-e-type=\"widget\" data-widget_type=\"heading.default\">\n\t\t\t\t<div class=\"elementor-widget-container\">\n\t\t\t\t\t<h3 class=\"elementor-heading-title elementor-size-default\">Buchung und Preisliste<\/h3>\t\t\t\t<\/div>\n\t\t\t\t<\/div>\n\t\t\t\t\t<\/div>\n\t\t<\/div>\n\t\t\t\t<div class=\"elementor-column elementor-col-50 elementor-top-column elementor-element elementor-element-3cfbde8b\" data-id=\"3cfbde8b\" data-element_type=\"column\" data-e-type=\"column\">\n\t\t\t<div class=\"elementor-widget-wrap elementor-element-populated\">\n\t\t\t\t\t\t\t<\/div>\n\t\t<\/div>\n\t\t\t\t\t<\/div>\n\t\t<\/section>\n\t\t\t\t<section class=\"elementor-section elementor-top-section elementor-element elementor-element-17f08db0 elementor-section-boxed elementor-section-height-default elementor-section-height-default\" data-id=\"17f08db0\" data-element_type=\"section\" data-e-type=\"section\" data-settings=\"{&quot;background_background&quot;:&quot;gradient&quot;,&quot;shape_divider_bottom&quot;:&quot;arrow&quot;,&quot;shape_divider_bottom_negative&quot;:&quot;yes&quot;}\">\n\t\t\t\t\t<div class=\"elementor-shape elementor-shape-bottom\" aria-hidden=\"true\" data-negative=\"true\">\n\t\t\t<svg xmlns=\"http:\/\/www.w3.org\/2000\/svg\" viewBox=\"0 0 700 10\" preserveAspectRatio=\"none\">\n\t<path class=\"elementor-shape-fill\" d=\"M360 0L350 9.9 340 0 0 0 0 10 700 10 700 0\"\/>\n<\/svg>\t\t<\/div>\n\t\t\t\t\t<div class=\"elementor-container elementor-column-gap-default\">\n\t\t\t\t\t<div class=\"elementor-column elementor-col-100 elementor-top-column elementor-element elementor-element-c7f01d1\" data-id=\"c7f01d1\" data-element_type=\"column\" data-e-type=\"column\">\n\t\t\t<div class=\"elementor-widget-wrap elementor-element-populated\">\n\t\t\t\t\t\t<section class=\"elementor-section elementor-inner-section elementor-element elementor-element-283d0a4 elementor-section-boxed elementor-section-height-default elementor-section-height-default\" data-id=\"283d0a4\" data-element_type=\"section\" data-e-type=\"section\">\n\t\t\t\t\t\t<div class=\"elementor-container elementor-column-gap-default\">\n\t\t\t\t\t<div class=\"elementor-column elementor-col-50 elementor-inner-column elementor-element elementor-element-afb8db2\" data-id=\"afb8db2\" data-element_type=\"column\" data-e-type=\"column\">\n\t\t\t<div class=\"elementor-widget-wrap elementor-element-populated\">\n\t\t\t\t\t\t<div class=\"elementor-element elementor-element-f1a54c5 elementor-widget elementor-widget-heading\" data-id=\"f1a54c5\" data-element_type=\"widget\" data-e-type=\"widget\" data-widget_type=\"heading.default\">\n\t\t\t\t<div class=\"elementor-widget-container\">\n\t\t\t\t\t<h2 class=\"elementor-heading-title elementor-size-default\">Buchung<\/h2>\t\t\t\t<\/div>\n\t\t\t\t<\/div>\n\t\t\t\t<div class=\"elementor-element elementor-element-1707831 elementor-widget elementor-widget-text-editor\" data-id=\"1707831\" data-element_type=\"widget\" data-e-type=\"widget\" data-widget_type=\"text-editor.default\">\n\t\t\t\t<div class=\"elementor-widget-container\">\n\t\t\t\t\t\t\t\t\t<p><strong>Buchungs-Anfragen<\/strong>&nbsp;richten Sie bitte an:<\/p>\n<p>&nbsp;Bernhard Hantmann<\/p>\n<p>Mail: &nbsp;&nbsp;<a href=\"mailto:info@fewo-ngd.de\">info@fewo-ngd.de<\/a><br>Mobil: <a href=\"tel:015203042077\">01520 304 2077<\/a><\/p>\t\t\t\t\t\t\t\t<\/div>\n\t\t\t\t<\/div>\n\t\t\t\t\t<\/div>\n\t\t<\/div>\n\t\t\t\t<div class=\"elementor-column elementor-col-50 elementor-inner-column elementor-element elementor-element-00fb597\" data-id=\"00fb597\" data-element_type=\"column\" data-e-type=\"column\">\n\t\t\t<div class=\"elementor-widget-wrap elementor-element-populated\">\n\t\t\t\t\t\t<div class=\"elementor-element elementor-element-dcda05d elementor-widget elementor-widget-heading\" data-id=\"dcda05d\" data-element_type=\"widget\" data-e-type=\"widget\" data-widget_type=\"heading.default\">\n\t\t\t\t<div class=\"elementor-widget-container\">\n\t\t\t\t\t<h2 class=\"elementor-heading-title elementor-size-default\">Preisliste<\/h2>\t\t\t\t<\/div>\n\t\t\t\t<\/div>\n\t\t\t\t<div class=\"elementor-element elementor-element-40fa255 elementor-widget elementor-widget-text-editor\" data-id=\"40fa255\" data-element_type=\"widget\" data-e-type=\"widget\" data-widget_type=\"text-editor.default\">\n\t\t\t\t<div class=\"elementor-widget-container\">\n\t\t\t\t\t\t\t\t\t<p><strong>Maximale Belegung:&nbsp;<\/strong>&nbsp;2 Erwachsene + 1 Kind (bis drei Jahre)<\/p>\n<p><strong>Mindest-Buchungs-Zeitraum: &nbsp;2 N\u00e4chte<\/strong><\/p>\n<p><strong>Preise vom 16.03.2026 bis 14.10.2026:<\/strong><\/p>\n<p><span style=\"color: var( --e-global-color-text ); font-size: 1rem; font-family: var( --e-global-typography-text-font-family ), Sans-serif;\">Ab 2-3 \u00dcbernachtungen &nbsp; \u00e1 120\u20ac pro Nacht (1 &#8211; 2 Personen)<\/span><\/p>\n<p><span style=\"color: var( --e-global-color-text ); font-size: 1rem;\">3 &#8211; 8 &nbsp; &nbsp; \u00dcbernachtungen &nbsp; &nbsp;a&#8216; &nbsp;99\u20ac pro Nacht (1 &#8211; 2 Personen)<\/span><\/p>\n<p><span style=\"font-family: var( --e-global-typography-text-font-family ), Sans-serif; font-size: 1rem;\">ab 9 \u00dcbernachtungen Preis auf Anfrage&nbsp;<\/span><span style=\"font-family: var( --e-global-typography-text-font-family ), Sans-serif; font-size: 1rem;\">(1 &#8211; 2 Personen)<\/span><\/p>\n<p>Kinder bis 3 Jahren sind kostenfrei im Kinderbett<\/p>\n<p><b>Preise vom 15.10.2026 bis 14.03.2027:&nbsp;<\/b><\/p>\n<p>Ab 2-3 \u00dcbernachtungen &nbsp; &nbsp;a&#8216; 110\u20ac pro Nacht (1 &#8211; 2 Personen)<\/p>\n<p>3 &#8211; 8 &nbsp; &nbsp; &nbsp;\u00dcbernachtungen &nbsp; &nbsp;a&#8216; &nbsp; &nbsp;90\u20ac pro Nacht (1 &#8211; 2 Personen)<\/p>\n<p>ab 9 \u00dcbernachtungen Preis auf Anfrage (1 &#8211; 2 Personen)<\/p>\n<p>Kinder bis 3 Jahren sind kostenfrei im Kinderbett<br><\/p>\n<p><b>Im Preis enthalten sind<\/b>: 1 PKW-Parkplatz vor dem Haus<span style=\"background-color: transparent; color: var( --e-global-color-text ); font-family: var( --e-global-typography-text-font-family ), Sans-serif; font-size: 1rem; font-weight: var( --e-global-typography-text-font-weight );\">, Fahrradstellpl\u00e4tze in Fahrradkeller, Bettw\u00e4sche, Hand- und Duscht\u00fccher, Geschirrt\u00fccher, Nebenkosten, TV, Radio\/CD-Player, WLAN, a<\/span><span style=\"color: var( --e-global-color-text ); font-family: var( --e-global-typography-text-font-family ), Sans-serif; font-size: 1rem;\">uf Wunsch ein Kinderbett und ein Hochstuhl.&nbsp;<\/span><\/p>\n<p><b style=\"color: var( --e-global-color-text ); font-family: var( --e-global-typography-text-font-family ), Sans-serif; font-size: 1rem;\">Anreise<\/b><span style=\"color: var( --e-global-color-text ); font-family: var( --e-global-typography-text-font-family ), Sans-serif; font-size: 1rem;\">&nbsp;ab 15 Uhr kontaktlos und flexibel m\u00f6glich<\/span><\/p>\n<p><b>Abreise<\/b>&nbsp;bis sp\u00e4testens 11 Uhr (kontaktlos)<\/p>\n<p><b>Endreinigung<\/b>: &nbsp; &nbsp; &nbsp; &nbsp; &nbsp; &nbsp; &nbsp; &nbsp; &nbsp; &nbsp; 70\u20ac<\/p>\n<p><b>Bettensteuer <\/b>der Stadt Neckargem\u00fcnd &#8211;&nbsp;je Erwachsene:&nbsp;<\/p>\n<p>&nbsp; &nbsp; &nbsp; &nbsp; &nbsp; &nbsp; &nbsp; &nbsp; &nbsp; &nbsp; &nbsp; &nbsp; &nbsp; &nbsp; &nbsp; &nbsp; &nbsp; &nbsp; &nbsp; &nbsp; &nbsp; &nbsp; &nbsp; &nbsp; 2\u20ac pro Nacht\/Person<\/p>\n<p><strong>Zahlung und Anzahlung:<\/strong><\/p>\n<p>50% des Gesamtpreises als Anzahlung bei Buchung<\/p>\n<p>50% des Gesamtpreises als Restzahlung sp\u00e4testens 14 Tage vor Anreise<\/p>\n<p><span style=\"color: var( --e-global-color-text ); font-size: 1rem;\">(Alle Preise inkl. 7% Mehrwertsteuer)<\/span><span style=\"color: var( --e-global-color-text ); font-size: 1rem;\">&nbsp;<\/span><\/p>\n<p>Bei l\u00e4ngeren Aufenthalten bieten wir Ihnen gegen Aufpreis gerne eine <b>Zwischenreinigung<\/b>&nbsp;und zus\u00e4tzliche Bettw\u00e4sche-Tausche an.<\/p>\n<p><strong>-Rauchen und Haustiere nicht erlaubt<\/strong><\/p>\t\t\t\t\t\t\t\t<\/div>\n\t\t\t\t<\/div>\n\t\t\t\t\t<\/div>\n\t\t<\/div>\n\t\t\t\t\t<\/div>\n\t\t<\/section>\n\t\t\t\t\t<\/div>\n\t\t<\/div>\n\t\t\t\t\t<\/div>\n\t\t<\/section>\n\t\t\t\t<section class=\"elementor-section elementor-top-section elementor-element elementor-element-770f0f3 elementor-section-boxed elementor-section-height-default elementor-section-height-default\" data-id=\"770f0f3\" data-element_type=\"section\" data-e-type=\"section\">\n\t\t\t\t\t\t<div class=\"elementor-container elementor-column-gap-default\">\n\t\t\t\t\t<div class=\"elementor-column elementor-col-50 elementor-top-column elementor-element elementor-element-aa9a367\" data-id=\"aa9a367\" data-element_type=\"column\" data-e-type=\"column\">\n\t\t\t<div class=\"elementor-widget-wrap elementor-element-populated\">\n\t\t\t\t\t\t<div class=\"elementor-element elementor-element-1c1e911 elementor-widget elementor-widget-image\" data-id=\"1c1e911\" data-element_type=\"widget\" data-e-type=\"widget\" data-widget_type=\"image.default\">\n\t\t\t\t<div class=\"elementor-widget-container\">\n\t\t\t\t\t\t\t\t\t\t\t\t\t\t\t<img fetchpriority=\"high\" decoding=\"async\" width=\"711\" height=\"1024\" src=\"https:\/\/fewo-ngd.de\/wp-content\/uploads\/2023\/01\/IMG_8970-711x1024.jpg\" class=\"attachment-large size-large wp-image-1348\" alt=\"\" srcset=\"https:\/\/fewo-ngd.de\/wp-content\/uploads\/2023\/01\/IMG_8970-711x1024.jpg 711w, https:\/\/fewo-ngd.de\/wp-content\/uploads\/2023\/01\/IMG_8970-208x300.jpg 208w, https:\/\/fewo-ngd.de\/wp-content\/uploads\/2023\/01\/IMG_8970-768x1105.jpg 768w, https:\/\/fewo-ngd.de\/wp-content\/uploads\/2023\/01\/IMG_8970-1067x1536.jpg 1067w, https:\/\/fewo-ngd.de\/wp-content\/uploads\/2023\/01\/IMG_8970-1423x2048.jpg 1423w, https:\/\/fewo-ngd.de\/wp-content\/uploads\/2023\/01\/IMG_8970.jpg 1511w\" sizes=\"(max-width: 711px) 100vw, 711px\" \/>\t\t\t\t\t\t\t\t\t\t\t\t\t\t\t<\/div>\n\t\t\t\t<\/div>\n\t\t\t\t\t<\/div>\n\t\t<\/div>\n\t\t\t\t<div class=\"elementor-column elementor-col-25 elementor-top-column elementor-element elementor-element-b35c63a\" data-id=\"b35c63a\" data-element_type=\"column\" data-e-type=\"column\">\n\t\t\t<div class=\"elementor-widget-wrap elementor-element-populated\">\n\t\t\t\t\t\t<div class=\"elementor-element elementor-element-236ef3c elementor-widget elementor-widget-text-editor\" data-id=\"236ef3c\" data-element_type=\"widget\" data-e-type=\"widget\" data-widget_type=\"text-editor.default\">\n\t\t\t\t<div class=\"elementor-widget-container\">\n\t\t\t\t\t\t\t\t\t<p>Ferienwohnung Hantmann<\/p><p>Bernhard Hantmann und\u00a0<br \/><span style=\"color: var( --e-global-color-text ); font-family: var( --e-global-typography-text-font-family ), Sans-serif; font-size: 1rem;\">Bettina Hantmann-Willmes<br \/><\/span><span style=\"color: var( --e-global-color-text ); font-family: var( --e-global-typography-text-font-family ), Sans-serif; font-size: 1rem;\">Wiesenbacherstra\u00dfe 102<br \/><\/span><span style=\"color: var( --e-global-color-text ); font-family: var( --e-global-typography-text-font-family ), Sans-serif; font-size: 1rem;\">69151 Neckargem\u00fcnd<\/span><\/p><p><span style=\"text-decoration: underline;\"><span style=\"color: var( --e-global-color-text ); font-family: var( --e-global-typography-text-font-family ), Sans-serif; font-size: 1rem;\"><a href=\"https:\/\/fewo-ngd.de\/?page_id=899\">Impressum<\/a><\/span><\/span><\/p>\t\t\t\t\t\t\t\t<\/div>\n\t\t\t\t<\/div>\n\t\t\t\t\t<\/div>\n\t\t<\/div>\n\t\t\t\t<div class=\"elementor-column elementor-col-25 elementor-top-column elementor-element elementor-element-441d47a\" data-id=\"441d47a\" data-element_type=\"column\" data-e-type=\"column\">\n\t\t\t<div class=\"elementor-widget-wrap elementor-element-populated\">\n\t\t\t\t\t\t<div class=\"elementor-element elementor-element-a20ad4a elementor-widget elementor-widget-text-editor\" data-id=\"a20ad4a\" data-element_type=\"widget\" data-e-type=\"widget\" data-widget_type=\"text-editor.default\">\n\t\t\t\t<div class=\"elementor-widget-container\">\n\t\t\t\t\t\t\t\t\t<p>Mail: \u00a0\u00a0<a href=\"mailto:info@fewo-ngd.de\">info@fewo-ngd.de<\/a><br \/>Mobil: <a href=\"tel:015203042077\">01520 304 2077<\/a><\/p>\t\t\t\t\t\t\t\t<\/div>\n\t\t\t\t<\/div>\n\t\t\t\t\t<\/div>\n\t\t<\/div>\n\t\t\t\t\t<\/div>\n\t\t<\/section>\n\t\t\t\t<\/div>\n\t\t","protected":false},"excerpt":{"rendered":"<p>Buchung und Preisliste Buchung Buchungs-Anfragen&nbsp;richten Sie bitte an: &nbsp;Bernhard Hantmann Mail: &nbsp;&nbsp;info@fewo-ngd.deMobil: 01520 304 2077 Preisliste Maximale Belegung:&nbsp;&nbsp;2 Erwachsene + 1 Kind (bis drei Jahre) Mindest-Buchungs-Zeitraum: &nbsp;2 N\u00e4chte Preise vom 16.03.2026 bis 14.10.2026: Ab 2-3 \u00dcbernachtungen &nbsp; \u00e1 120\u20ac pro Nacht (1 &#8211; 2 Personen) 3 &#8211; 8 &nbsp; &nbsp; \u00dcbernachtungen &nbsp; &nbsp;a&#8216; &nbsp;99\u20ac pro [&hellip;]<\/p>\n","protected":false},"author":1,"featured_media":0,"parent":0,"menu_order":0,"comment_status":"closed","ping_status":"closed","template":"","meta":{"footnotes":""},"class_list":["post-129","page","type-page","status-publish","hentry"],"_links":{"self":[{"href":"https:\/\/fewo-ngd.de\/index.php?rest_route=\/wp\/v2\/pages\/129","targetHints":{"allow":["GET"]}}],"collection":[{"href":"https:\/\/fewo-ngd.de\/index.php?rest_route=\/wp\/v2\/pages"}],"about":[{"href":"https:\/\/fewo-ngd.de\/index.php?rest_route=\/wp\/v2\/types\/page"}],"author":[{"embeddable":true,"href":"https:\/\/fewo-ngd.de\/index.php?rest_route=\/wp\/v2\/users\/1"}],"replies":[{"embeddable":true,"href":"https:\/\/fewo-ngd.de\/index.php?rest_route=%2Fwp%2Fv2%2Fcomments&post=129"}],"version-history":[{"count":93,"href":"https:\/\/fewo-ngd.de\/index.php?rest_route=\/wp\/v2\/pages\/129\/revisions"}],"predecessor-version":[{"id":1615,"href":"https:\/\/fewo-ngd.de\/index.php?rest_route=\/wp\/v2\/pages\/129\/revisions\/1615"}],"wp:attachment":[{"href":"https:\/\/fewo-ngd.de\/index.php?rest_route=%2Fwp%2Fv2%2Fmedia&parent=129"}],"curies":[{"name":"wp","href":"https:\/\/api.w.org\/{rel}","templated":true}]}}